{"id":18,"date":"2011-01-25T11:22:12","date_gmt":"2011-01-25T11:22:12","guid":{"rendered":"http:\/\/minknercoaching.wordpress.com\/?page_id=18"},"modified":"2011-01-25T11:22:12","modified_gmt":"2011-01-25T11:22:12","slug":"impulse","status":"publish","type":"page","link":"https:\/\/www.minkner-coaching.de\/?page_id=18","title":{"rendered":"Impuls"},"content":{"rendered":"<p><em>Eine bemerkenswerten Geschichte:<\/em><\/p>\n<p><strong>Ein Experte f\u00fcr Zeitmanagement<\/strong> h\u00e4lt einen Vortrag vor einer Gruppe von Studenten, die Wirtschaft studieren.<br \/>\nEr beginnt seinen Vortrag mit einem Experiment.\u00a0Er nimmt einen leeren Wassereimer und stellt ihn vor sich auf den Tisch. Dann legt er zehn faustgro\u00dfe Steine vorsichtig hinein. Als er den Eimer bis oben gef\u00fcllt hat und kein Platz mehr f\u00fcr einen weiteren Stein ist, fragt er, ob der Eimer jetzt voll ist.<\/p>\n<p>\u201eJa&#8220;, sagen alle. ,,Wirklich?&#8220; Er greift unter den Tisch und holt ein Gef\u00e4\u00df mit Kieselsteinen hervor. Einige hiervon kippt er in den Wassereimer und sch\u00fcttelt diesen, sodass sich die Kieselsteine in die L\u00fccken zwischen den gro\u00dfen Steinen setzen. Wieder fragt er die Studenten: ,,Ist der Eimer jetzt voll?&#8220; Die Gruppe hat ihn verstanden. Einer antwortet: ,,Wahrscheinlich nicht!&#8220; \u00a0,,Gut&#8220;, antwortet er. Wieder greift er unter den Tisch und bringt eine T\u00fcte mit Sand zum Vorschein. Er sch\u00fcttet den Sand in den Eimer, und wiederum sucht sich der Sand den Weg in die L\u00fccken zwischen den gro\u00dfen und kleinen Stei\u00adnen. Anschlie\u00dfend fragt er: ,,Ist der Eimer jetzt voll?&#8220; ,,Nein&#8220;, rufen die Studenten. ,,Gut!&#8220; Er nimmt einen mit Wasser gef\u00fcllten Krug und gie\u00dft das Wasser in den Eimer &#8211; bis zum Rand. Dann schaut er in die Runde: ,,Was ist wohl der Sinn meines Experiments?&#8220;<\/p>\n<p>Ein Student hebt seine Hand und sagt: ,,Es bedeutet: Egal, wie voll dein Terminkalender ist, wenn du es wirklich versuchst, kannst du noch einen Termin dazwischenschieben.&#8220;\u00a0Das ist <em>eine<\/em> Schlussfolgerung, die man aus dem Experiment zeihen k\u00f6nnte. Aber das ist <em>f\u00fcr mich<\/em> nicht der Punkt.\u00a0 Das Fazit aus meinem Experiment ist f\u00fcr mich folgendes: Wenn ihr den Eimer nicht zuerst mit den gro\u00dfen Steinen f\u00fcllt, dann k\u00f6nnt ihr sie sp\u00e4ter nicht mehr hineinsetzen.<\/p>\n<p><a href=\"https:\/\/www.minkner-coaching.de\/wp-content\/uploads\/2011\/01\/steine.jpg\"><img loading=\"lazy\" decoding=\"async\" class=\"size-medium wp-image-49 alignleft\" title=\"Steine\" alt=\"\" src=\"https:\/\/www.minkner-coaching.de\/wp-content\/uploads\/2011\/01\/steine.jpg?w=300\" width=\"300\" height=\"225\" srcset=\"https:\/\/www.minkner-coaching.de\/wp-content\/uploads\/2011\/01\/steine.jpg 600w, https:\/\/www.minkner-coaching.de\/wp-content\/uploads\/2011\/01\/steine-300x225.jpg 300w\" sizes=\"auto, (max-width: 300px) 100vw, 300px\" \/><\/a>\u00dcberlegt: Was sind die gro\u00dfen Steine f\u00fcr Euer Leben? Eure Familie, Personen, die ihr liebt? Glaubens\u00fcberzeugungen ? Tr\u00e4ume? Ideale? Eure Gesundheit?<br \/>\nDenkt immer daran, die gro\u00dfen Steine\u00a0 zuerst in Euer Leben zu bringen, sonst bekommt ihr sie nicht mehr unter. Wenn ihr zuerst mit den unwichtigen Dingen beginnt, &#8211; mit Kieselsteinen und Sand &#8211; dann werdet ihr nicht die Zeit f\u00fcr gro\u00dfe wund wichtige Dinge haben.<\/p>\n","protected":false},"excerpt":{"rendered":"<p>Eine bemerkenswerten Geschichte: Ein Experte f\u00fcr Zeitmanagement h\u00e4lt einen Vortrag vor einer Gruppe von Studenten, die Wirtschaft studieren. Er beginnt seinen Vortrag mit einem Experiment.\u00a0Er nimmt einen leeren Wassereimer und stellt ihn vor sich auf den Tisch. Dann legt er zehn faustgro\u00dfe Steine vorsichtig hinein. Als er den Eimer bis oben gef\u00fcllt hat und kein [&hellip;]<\/p>\n","protected":false},"author":2,"featured_media":0,"parent":0,"menu_order":0,"comment_status":"closed","ping_status":"closed","template":"","meta":{"footnotes":""},"class_list":["post-18","page","type-page","status-publish","hentry"],"_links":{"self":[{"href":"https:\/\/www.minkner-coaching.de\/index.php?rest_route=\/wp\/v2\/pages\/18","targetHints":{"allow":["GET"]}}],"collection":[{"href":"https:\/\/www.minkner-coaching.de\/index.php?rest_route=\/wp\/v2\/pages"}],"about":[{"href":"https:\/\/www.minkner-coaching.de\/index.php?rest_route=\/wp\/v2\/types\/page"}],"author":[{"embeddable":true,"href":"https:\/\/www.minkner-coaching.de\/index.php?rest_route=\/wp\/v2\/users\/2"}],"replies":[{"embeddable":true,"href":"https:\/\/www.minkner-coaching.de\/index.php?rest_route=%2Fwp%2Fv2%2Fcomments&post=18"}],"version-history":[{"count":0,"href":"https:\/\/www.minkner-coaching.de\/index.php?rest_route=\/wp\/v2\/pages\/18\/revisions"}],"wp:attachment":[{"href":"https:\/\/www.minkner-coaching.de\/index.php?rest_route=%2Fwp%2Fv2%2Fmedia&parent=18"}],"curies":[{"name":"wp","href":"https:\/\/api.w.org\/{rel}","templated":true}]}}