{"id":23,"date":"2011-01-25T11:39:00","date_gmt":"2011-01-25T11:39:00","guid":{"rendered":"http:\/\/minknercoaching.wordpress.com\/?page_id=23"},"modified":"2024-09-10T10:12:18","modified_gmt":"2024-09-10T08:12:18","slug":"home","status":"publish","type":"page","link":"https:\/\/www.minkner-coaching.de\/","title":{"rendered":"Home"},"content":{"rendered":"<div id=\"attachment_41\" style=\"width: 170px\" class=\"wp-caption alignright\"><a href=\"https:\/\/www.minkner-coaching.de\/wp-content\/uploads\/2011\/01\/ausblick1.jpg\"><img loading=\"lazy\" decoding=\"async\" aria-describedby=\"caption-attachment-41\" class=\"wp-image-41 \" title=\"Ausblick\" src=\"https:\/\/www.minkner-coaching.de\/wp-content\/uploads\/2011\/01\/ausblick1.jpg?w=140\" alt=\"Ausblick\" width=\"160\" height=\"171\" srcset=\"https:\/\/www.minkner-coaching.de\/wp-content\/uploads\/2011\/01\/ausblick1.jpg 518w, https:\/\/www.minkner-coaching.de\/wp-content\/uploads\/2011\/01\/ausblick1-279x300.jpg 279w\" sizes=\"auto, (max-width: 160px) 100vw, 160px\" \/><\/a><p id=\"caption-attachment-41\" class=\"wp-caption-text\">Ausblick<\/p><\/div>\n<p><strong>Sie m\u00f6chten \u2026<\/strong><\/p>\n<ul>\n<li class=\"mceTemp\">sich Klarheit in Lebensfragen verschaffen,<\/li>\n<li class=\"mceTemp\">Ihre eigenen Ziele kl\u00e4ren und erreichen,<\/li>\n<li class=\"mceTemp\">sich beruflich ver\u00e4ndern oder Ihre Karriere<br \/>\nweiterentwickeln,<\/li>\n<li class=\"mceTemp\">die Situation oder Strukturen oder Abl\u00e4ufe in<br \/>\nIhrem Betrieb, Ihrer Organisation,\u00a0Ihrer<br \/>\nKirchengemeinde, Ihrem Verein ver\u00e4ndern,<\/li>\n<li class=\"mceTemp\">bei Herausforderungen Klarheit \u00fcber Ihren Weg<br \/>\nund Ihr Ziel bekommen,<\/li>\n<li class=\"mceTemp\">Sie suchen ressourcenorientierte Wege des<br \/>\nUmgangs mit sich selbst und Ihren<br \/>\nMitarbeitenden.<\/li>\n<\/ul>\n<p class=\"mceTemp\"><strong>Als Coach \u2026<\/strong><\/p>\n<ul>\n<li class=\"mceTemp\">helfe ich L\u00f6sungen zu finden und reflektiert n\u00e4chste Schritte zu tun,<\/li>\n<li class=\"mceTemp\">begleite ich Sie in Situationen der Ver\u00e4nderung,<\/li>\n<li class=\"mceTemp\">helfe ich Ihnen Ihre Fragen und Ideen zu sortieren<\/li>\n<li class=\"mceTemp\">berate ich Sie, gebe Ihnen aber keine Ratschl\u00e4ge<\/li>\n<\/ul>\n<p><strong>Mein Coaching-Konzept \u2026<\/strong><\/p>\n<ul>\n<li>ist ressourcenorientiert,<\/li>\n<li>ist zielorientiert,<\/li>\n<li>geht von\u00a0 Ihrer Probleml\u00f6sungskompetenz aus,<\/li>\n<li>basiert auf Ihrer Freiwilligkeit. Ihnen ist das Coaching nicht \u201everpasst\u201c worden,<\/li>\n<li>beinhaltet Verschwiegenheit \u00fcber alles, was besprochen wird.<\/li>\n<\/ul>\n<p><a href=\"https:\/\/www.minkner-coaching.de\/wp-content\/uploads\/2011\/06\/pfarrer_minkner_001-web.jpg\"><img loading=\"lazy\" decoding=\"async\" class=\"alignleft size-thumbnail wp-image-61\" title=\"Foto: Peter M\u00fcller\" src=\"https:\/\/www.minkner-coaching.de\/wp-content\/uploads\/2011\/06\/pfarrer_minkner_001-web.jpg?w=99\" alt=\"\" width=\"99\" height=\"150\" srcset=\"https:\/\/www.minkner-coaching.de\/wp-content\/uploads\/2011\/06\/pfarrer_minkner_001-web.jpg 297w, https:\/\/www.minkner-coaching.de\/wp-content\/uploads\/2011\/06\/pfarrer_minkner_001-web-199x300.jpg 199w\" sizes=\"auto, (max-width: 99px) 100vw, 99px\" \/><\/a><\/p>\n<p><a href=\"https:\/\/www.minkner-coaching.de\/wp-content\/uploads\/2011\/01\/dvct-zertifizierungslogo_coach_rgb.jpg\"><img loading=\"lazy\" decoding=\"async\" class=\"size-thumbnail wp-image-15 alignright\" title=\"dvct-Zertifizierungslogo_coach_RGB\" src=\"https:\/\/www.minkner-coaching.de\/wp-content\/uploads\/2011\/01\/dvct-zertifizierungslogo_coach_rgb.jpg?w=150\" alt=\"\" width=\"150\" height=\"99\" srcset=\"https:\/\/www.minkner-coaching.de\/wp-content\/uploads\/2011\/01\/dvct-zertifizierungslogo_coach_rgb.jpg 1150w, https:\/\/www.minkner-coaching.de\/wp-content\/uploads\/2011\/01\/dvct-zertifizierungslogo_coach_rgb-300x199.jpg 300w, https:\/\/www.minkner-coaching.de\/wp-content\/uploads\/2011\/01\/dvct-zertifizierungslogo_coach_rgb-768x510.jpg 768w, https:\/\/www.minkner-coaching.de\/wp-content\/uploads\/2011\/01\/dvct-zertifizierungslogo_coach_rgb-1024x680.jpg 1024w\" sizes=\"auto, (max-width: 150px) 100vw, 150px\" \/><\/a><\/p>\n<p class=\"mceTemp\"><strong>Karsten Minkner<\/strong><br \/>\n<strong>Pfarrer i.R. &amp; Coach (dvct)<\/strong><\/p>\n","protected":false},"excerpt":{"rendered":"<p>Sie m\u00f6chten \u2026 sich Klarheit in Lebensfragen verschaffen, Ihre eigenen Ziele kl\u00e4ren und erreichen, sich beruflich ver\u00e4ndern oder Ihre Karriere weiterentwickeln, die Situation oder Strukturen oder Abl\u00e4ufe in Ihrem Betrieb, Ihrer Organisation,\u00a0Ihrer Kirchengemeinde, Ihrem Verein ver\u00e4ndern, bei Herausforderungen Klarheit \u00fcber Ihren Weg und Ihr Ziel bekommen, Sie suchen ressourcenorientierte Wege des Umgangs mit sich selbst [&hellip;]<\/p>\n","protected":false},"author":2,"featured_media":0,"parent":0,"menu_order":0,"comment_status":"closed","ping_status":"closed","template":"","meta":{"footnotes":""},"class_list":["post-23","page","type-page","status-publish","hentry"],"_links":{"self":[{"href":"https:\/\/www.minkner-coaching.de\/index.php?rest_route=\/wp\/v2\/pages\/23","targetHints":{"allow":["GET"]}}],"collection":[{"href":"https:\/\/www.minkner-coaching.de\/index.php?rest_route=\/wp\/v2\/pages"}],"about":[{"href":"https:\/\/www.minkner-coaching.de\/index.php?rest_route=\/wp\/v2\/types\/page"}],"author":[{"embeddable":true,"href":"https:\/\/www.minkner-coaching.de\/index.php?rest_route=\/wp\/v2\/users\/2"}],"replies":[{"embeddable":true,"href":"https:\/\/www.minkner-coaching.de\/index.php?rest_route=%2Fwp%2Fv2%2Fcomments&post=23"}],"version-history":[{"count":1,"href":"https:\/\/www.minkner-coaching.de\/index.php?rest_route=\/wp\/v2\/pages\/23\/revisions"}],"predecessor-version":[{"id":86,"href":"https:\/\/www.minkner-coaching.de\/index.php?rest_route=\/wp\/v2\/pages\/23\/revisions\/86"}],"wp:attachment":[{"href":"https:\/\/www.minkner-coaching.de\/index.php?rest_route=%2Fwp%2Fv2%2Fmedia&parent=23"}],"curies":[{"name":"wp","href":"https:\/\/api.w.org\/{rel}","templated":true}]}}