{"id":3,"date":"2018-06-14T16:42:57","date_gmt":"2018-06-14T16:42:57","guid":{"rendered":"https:\/\/www.minkner-coaching.de\/?page_id=3"},"modified":"2024-09-10T10:27:30","modified_gmt":"2024-09-10T08:27:30","slug":"privacy-policy","status":"publish","type":"page","link":"https:\/\/www.minkner-coaching.de\/?page_id=3","title":{"rendered":"Datenschutzerkl\u00e4rung"},"content":{"rendered":"<p>Wir messen dem Datenschutz gro\u00dfe Bedeutung bei. Die Erhebung und Verarbeitung Ihrer personenbezogenen Daten geschieht unter Beachtung der geltenden datenschutzrechtlichen Vorschriften, insbesondere der Datenschutzgrundverordnung (DSGVO). Wir erheben und verarbeiten Ihre personenbezogenen Daten, um Ihnen das oben genannten Portal anbieten zu k\u00f6nnen. Diese Erkl\u00e4rung beschreibt, wie und zu welchem Zweck Ihre Daten erfasst und genutzt werden und welche Wahlm\u00f6glichkeiten Sie im Zusammenhang mit pers\u00f6nlichen Daten haben.<\/p>\n<p>Durch Ihre Verwendung dieser Website stimmen Sie der Erfassung, Nutzung und \u00dcbertragung Ihrer Daten gem\u00e4\u00df dieser Datenschutzerkl\u00e4rung zu.<\/p>\n<p>Verantwortlicher f\u00fcr die Erhebung, Verarbeitung und Nutzung Ihrer personenbezogenen Daten im Sinne von Art. 4 Nr. 7 DSGVO ist<\/p>\n<p>Karsten Minkner<\/p>\n<p>Grabowstr. 11<br \/>\n17291 Prenzlau<\/p>\n<p>Tel.: 03984 83 486 96<br \/>\nMail: <a href=\"mailto:kontakt@minkner-coaching.de\">kontakt@minkner-coaching.de<\/a><\/p>\n<p>Sofern Sie der Erhebung, Verarbeitung oder Nutzung Ihrer Daten durch uns nach Ma\u00dfgabe dieser Datenschutzbestimmungen insgesamt oder f\u00fcr einzelne Ma\u00dfnahmen widersprechen wollen, k\u00f6nnen Sie Ihren Widerspruch an den Verantwortlichen richten.Sie k\u00f6nnen diese Datenschutzerkl\u00e4rung jederzeit speichern und ausdrucken.<\/p>\n<h2 class=\"gruen\">Cookies<\/h2>\n<p>Wir verwenden auf unserer Seite sog. Cookies zum Wiedererkennen mehrfacher Nutzung unseres Angebots, durch denselben Nutzer\/Internetanschlussinhaber. Cookies sind kleine Textdateien, die Ihr Internet-Browser auf Ihrem Rechner ablegt und speichert. Sie dienen dazu, unseren Internetauftritt und unsere Angebote zu optimieren. Es handelt sich dabei zumeist um sog. \u201cSession-Cookies\u201d, die nach dem Ende Ihres Besuches wieder gel\u00f6scht werden.<br \/>\nTeilweise geben diese Cookies jedoch Informationen ab, um Sie automatisch wieder zu erkennen. Diese Wiedererkennung erfolgt aufgrund der in den Cookies gespeicherten IP-Adresse.<\/p>\n<p>Unser berechtigtes Interesse an der Nutzung der Cookies gem\u00e4\u00df Art 6 Abs. 1 S. 1 f) DSGVO liegt darin, unsere Website nutzerfreundlicher, effektiver und sicherer zu machen.<\/p>\n<p>Sie k\u00f6nnen die Installation der Cookies durch eine entsprechende Einstellung Ihres Browsers verhindern; wir weisen Sie jedoch darauf hin, dass Sie in diesem Fall gegebenenfalls nicht s\u00e4mtliche Funktionen unserer Website vollumf\u00e4nglich nutzen k\u00f6nnen.<br \/>\nServerdaten<\/p>\n<p>Aus technischen Gr\u00fcnden werden u.a. folgende Daten, die Ihr Internet-Browser an uns bzw. an unseren Webspace-Provider \u00fcbermittelt, erfasst (sogenannte Serverlogfiles):<\/p>\n<ul>\n<li>\u00a0\u00a0\u00a0 Name und URL der abgerufenen Datei<\/li>\n<li>\u00a0\u00a0\u00a0 Datum und Uhrzeit des Abrufs<\/li>\n<li>\u00a0\u00a0\u00a0 \u00fcbertragene Datenmenge<\/li>\n<li>\u00a0\u00a0\u00a0 Meldung \u00fcber erfolgreichen Abruf (HTTP response code)<\/li>\n<li>\u00a0\u00a0\u00a0 Browsertyp und Browserversion<\/li>\n<li>\u00a0\u00a0\u00a0 Betriebssystem<\/li>\n<li>\u00a0\u00a0\u00a0 Referer URL (d.h. die zuvor besuchte Seite)<\/li>\n<li>\u00a0\u00a0\u00a0 Websites, die vom System des Nutzers \u00fcber unsere Website aufgerufen werden<\/li>\n<li>\u00a0\u00a0\u00a0 Internet-Service-Provider des Nutzers<\/li>\n<li>\u00a0\u00a0\u00a0 IP-Adresse und der anfragende Provider<\/li>\n<\/ul>\n<p>Diese anonymen Daten werden getrennt von Ihren eventuell angegebenen personenbezogenen Daten gespeichert und lassen so keine R\u00fcckschl\u00fcsse auf eine bestimmte Person zu. Sie werden zu statistischen Zwecken ausgewertet, um unseren Internetauftritt und unsere Angebote optimieren zu k\u00f6nnen.<\/p>\n<p>Hierin liegt auch unser berechtigtes Interesse gem\u00e4\u00df Art 6 Abs. 1 S. 1 f) DSGVO.<\/p>\n<p>Wir behalten uns vor, die Protokolldaten nachtr\u00e4glich zu \u00fcberpr\u00fcfen, wenn aufgrund konkreter Anhaltspunkte der berechtigte Verdacht einer rechtswidrigen Nutzung besteht. IP-Adressen speichern wir f\u00fcr einen begrenzten Zeitraum in den Logfiles, wenn dies f\u00fcr Sicherheitszwecke erforderlich ist, oder wenn wir den konkreten Verdacht einer Straftat im Zusammenhang mit der Nutzung unserer Website haben.<\/p>\n<h2 class=\"gruen\">Kontaktm\u00f6glichkeit<\/h2>\n<p>Wir bieten Ihnen auf unserer Seite die M\u00f6glichkeit, mit uns per E-Mail und\/oder \u00fcber ein Kontaktformular in Verbindung zu treten. In diesem Fall werden die vom Nutzer gemachten Angaben zum Zwecke der Bearbeitung seiner Kontaktaufnahme gespeichert. Eine Weitergabe an Dritte erfolgt nicht. Ein Abgleich der so erhobenen Daten mit Daten, die m\u00f6glicherweise durch andere Komponenten unserer Seite erhoben werden, erfolgt ebenfalls nicht.<\/p>\n<p>Sofern nicht spezifisch angegeben, speichern wir personenbezogene Daten nur so lange, wie dies zur Erf\u00fcllung der verfolgten Zwecke notwendig bzw. gesetzlich vorgeschrieben ist.<\/p>\n<h2>Ihre Rechte als von der Datenverarbeitung Betroffener<\/h2>\n<p>Nach den anwendbaren Gesetzen haben Sie verschiedene Rechte bez\u00fcglich Ihrer personenbezogenen Daten. M\u00f6chten Sie diese Rechte geltend machen, so richten Sie Ihre Anfrage bitte per E-Mail oder per Post unter eindeutiger Identifizierung Ihrer Person an die oben genannte Adresse.<\/p>\n<p>Nachfolgend finden Sie eine \u00dcbersicht \u00fcber Ihre Rechte.<\/p>\n<h2 class=\"gruen\">Recht auf Best\u00e4tigung und Auskunft<\/h2>\n<p>Sie haben jederzeit das Recht, von uns eine Best\u00e4tigung dar\u00fcber zu erhalten, ob Sie betreffende personenbezogene Daten verarbeitet werden. Ist dies der Fall, so haben Sie das Recht, von uns eine unentgeltliche Auskunft \u00fcber die zu Ihnen gespeicherten personenbezogenen Daten nebst einer Kopie dieser Daten zu verlangen. Des Weiteren besteht ein Recht auf folgende Informationen:<\/p>\n<ol>\n<li>die Verarbeitungszwecke;<\/li>\n<li>die Kategorien personenbezogener Daten, die verarbeitet werden;<\/li>\n<li>die Empf\u00e4nger oder Kategorien von Empf\u00e4ngern, gegen\u00fcber denen die personenbezogenen Daten offengelegt worden sind oder noch offengelegt werden, insbesondere bei Empf\u00e4ngern in Drittl\u00e4ndern oder bei internationalen Organisationen;<\/li>\n<li>falls m\u00f6glich, die geplante Dauer, f\u00fcr die die personenbezogenen Daten gespeichert werden, oder, falls dies nicht m\u00f6glich ist, die Kriterien f\u00fcr die Festlegung dieser Dauer;<\/li>\n<li>das Bestehen eines Rechts auf Berichtigung oder L\u00f6schung der Sie betreffenden personenbezogenen Daten oder auf Einschr\u00e4nkung der Verarbeitung durch den Verantwortlichen oder eines Widerspruchsrechts gegen diese Verarbeitung;<\/li>\n<li>\u00a0das Bestehen eines Beschwerderechts bei einer Aufsichtsbeh\u00f6rde;<\/li>\n<li>wenn die personenbezogenen Daten nicht bei Ihnen erhoben werden, alle verf\u00fcgbaren Informationen \u00fcber die Herkunft der Daten;<\/li>\n<li>\u00a0das Bestehen einer automatisierten Entscheidungsfindung einschlie\u00dflich Profiling gem\u00e4\u00df Artikel 22 Abs\u00e4tze 1 und 4 DSGVO und \u2013 zumindest in diesen F\u00e4llen \u2013 aussagekr\u00e4ftige Informationen \u00fcber die involvierte Logik sowie die Tragweite und die angestrebten Auswirkungen einer derartigen Verarbeitung f\u00fcr Sie.<\/li>\n<\/ol>\n<p>Werden personenbezogene Daten an ein Drittland oder an eine internationale Organisation \u00fcbermittelt, so haben Sie das Recht, \u00fcber die geeigneten Garantien gem\u00e4\u00df Art. 46 DSGVO im Zusammenhang mit der \u00dcbermittlung unterrichtet zu werden.<\/p>\n<h2 class=\"gruen\">Recht auf Berichtigung<\/h2>\n<p>Sie haben das Recht, von uns unverz\u00fcglich die Berichtigung Sie betreffender unrichtiger personenbezogener Daten zu verlangen. Unter Ber\u00fccksichtigung der Zwecke der Verarbeitung haben Sie das Recht, die Vervollst\u00e4ndigung unvollst\u00e4ndiger personenbezogener Daten \u2013 auch mittels einer erg\u00e4nzenden Erkl\u00e4rung \u2013 zu verlangen.<br \/>\nRecht auf L\u00f6schung (\u201cRecht auf Vergessenwerden\u201d)<\/p>\n<p>Sie haben gem\u00e4\u00df Art. 17 Abs. 1 DSGVO das Recht, von uns zu verlangen, dass Sie betreffende personenbezogene Daten unverz\u00fcglich gel\u00f6scht werden, und wir sind verpflichtet, personenbezogene Daten unverz\u00fcglich zu l\u00f6schen, sofern einer der folgenden Gr\u00fcnde zutrifft:<\/p>\n<ol>\n<li>Die personenbezogenen Daten sind f\u00fcr die Zwecke, f\u00fcr die sie erhoben oder auf sonstige Weise verarbeitet wurden, nicht mehr notwendig.<\/li>\n<li>Sie widerrufen Ihre Einwilligung, auf die sich die Verarbeitung gem\u00e4\u00df Art. 6 Abs. 1 S. 1 a) DSGVO oder Art. 9 Abs. 2 a) DSGVO st\u00fctzte, und es fehlt an einer anderweitigen Rechtsgrundlage f\u00fcr die Verarbeitung.<\/li>\n<li>Sie legen gem\u00e4\u00df Art. 21 Abs. 1 DSGVO Widerspruch gegen die Verarbeitung ein und es liegen keine vorrangigen berechtigten Gr\u00fcnde f\u00fcr die Verarbeitung vor, oder Sie legen gem\u00e4\u00df Art. 21 Abs. 2 DSGVO Widerspruch gegen die Verarbeitung ein.<\/li>\n<li>Die personenbezogenen Daten wurden unrechtm\u00e4\u00dfig verarbeitet.<\/li>\n<li>Die L\u00f6schung der personenbezogenen Daten ist zur Erf\u00fcllung einer rechtlichen Verpflichtung nach dem Unionsrecht oder dem Recht der Mitgliedstaaten erforderlich, dem wir unterliegen.<\/li>\n<li>Die personenbezogenen Daten wurden in Bezug auf angebotene Dienste der Informationsgesellschaft gem\u00e4\u00df Art. 8 Abs. 1 DSGVO erhoben.<\/li>\n<\/ol>\n<h2 class=\"gruen\">Recht auf Einschr\u00e4nkung der Verarbeitung<\/h2>\n<p>Sie haben das Recht, von uns die Einschr\u00e4nkung der Verarbeitung zu verlangen, wenn eine der folgenden Voraussetzungen gegeben ist:<\/p>\n<ol>\n<li>die Richtigkeit der personenbezogenen Daten wird von Ihnen bestritten, und zwar f\u00fcr eine Dauer, die es uns erm\u00f6glicht, die Richtigkeit der personenbezogenen Daten zu \u00fcberpr\u00fcfen,<\/li>\n<li>die Verarbeitung unrechtm\u00e4\u00dfig ist und Sie die L\u00f6schung der personenbezogenen Daten ablehnten und stattdessen die Einschr\u00e4nkung der Nutzung der personenbezogenen Daten verlangt haben;<\/li>\n<li>wir die personenbezogenen Daten f\u00fcr die Zwecke der Verarbeitung nicht l\u00e4nger ben\u00f6tigen, Sie die Daten jedoch zur Geltendmachung, Aus\u00fcbung oder Verteidigung von Rechtsanspr\u00fcchen ben\u00f6tigen, oder<\/li>\n<li>Sie Widerspruch gegen die Verarbeitung gem\u00e4\u00df Art. 21 Abs. 1 DSGVO eingelegt haben, solange noch nicht feststeht, ob die berechtigten Gr\u00fcnde unseres Unternehmens gegen\u00fcber den Ihren \u00fcberwiegen.<\/li>\n<\/ol>\n<h2 class=\"gruen\">Recht auf Daten\u00fcbertragbarkeit<\/h2>\n<p>Sie haben das Recht, die Sie betreffenden personenbezogenen Daten, die Sie uns bereitgestellt haben, in einem strukturierten, g\u00e4ngigen und maschinenlesbaren Format zu erhalten, und Sie haben das Recht, diese Daten einem anderen Verantwortlichen ohne Behinderung durch uns zu \u00fcbermitteln, sofern<\/p>\n<ol>\n<li>die Verarbeitung auf einer Einwilligung gem\u00e4\u00df Art. 6 Abs. 1 S. 1 a) DSGVO oder Art. 9 Abs. 2 a) DSGVO oder auf einem Vertrag gem\u00e4\u00df Art. 6 Abs. 1 S. 1 b) DSGVO beruht und<\/li>\n<li>die Verarbeitung mithilfe automatisierter Verfahren erfolgt.<\/li>\n<\/ol>\n<p>Bei der Aus\u00fcbung Ihres Rechts auf Daten\u00fcbertragbarkeit gem\u00e4\u00df Absatz 1 haben Sie das Recht, zu erwirken, dass die personenbezogenen Daten direkt von uns einem anderen Verantwortlichen \u00fcbermittelt werden, soweit dies technisch machbar ist.<\/p>\n<h2 class=\"gruen\">Widerspruchsrecht<\/h2>\n<p>Sie haben das Recht, aus Gr\u00fcnden, die sich aus Ihrer besonderen Situation ergeben, jederzeit gegen die Verarbeitung Sie betreffender personenbezogener Daten, die aufgrund von Art. 6 Abs. 1 S. 1 e) oder f) DSGVO erfolgt, Widerspruch einzulegen; dies gilt auch f\u00fcr ein auf diese Bestimmungen gest\u00fctztes Profiling. Wir verarbeiten die personenbezogenen Daten nicht mehr, es sei denn, wir k\u00f6nnen zwingende schutzw\u00fcrdige Gr\u00fcnde f\u00fcr die Verarbeitung nachweisen, die Ihre Interessen, Rechte und Freiheiten \u00fcberwiegen, oder die Verarbeitung dient der Geltendmachung, Aus\u00fcbung oder Verteidigung von Rechtsanspr\u00fcchen.<\/p>\n<p>Werden personenbezogene Daten von uns verarbeitet, um Direktwerbung zu betreiben, so haben Sie das Recht, jederzeit Widerspruch gegen die Verarbeitung Sie betreffender personenbezogener Daten zum Zwecke derartiger Werbung einzulegen; dies gilt auch f\u00fcr das Profiling, soweit es mit solcher Direktwerbung in Verbindung steht.<\/p>\n<p>Sie haben das Recht, aus Gr\u00fcnden, die sich aus Ihrer besonderen Situation ergeben, gegen die Sie betreffende Verarbeitung Sie betreffender personenbezogener Daten, die zu wissenschaftlichen oder historischen Forschungszwecken oder zu statistischen Zwecken gem\u00e4\u00df Art. 89 Abs. 1 DSGVO erfolgt, Widerspruch einzulegen, es sei denn, die Verarbeitung ist zur Erf\u00fcllung einer im \u00f6ffentlichen Interesse liegenden Aufgabe erforderlich.<br \/>\nAutomatisierte Entscheidungen einschlie\u00dflich Profiling<\/p>\n<p>Sie haben das Recht, nicht einer ausschlie\u00dflich auf einer automatisierten Verarbeitung \u2013 einschlie\u00dflich Profiling \u2013 beruhenden Entscheidung unterworfen zu werden, die Ihnen gegen\u00fcber rechtliche Wirkung entfaltet oder Sie in \u00e4hnlicher Weise erheblich beeintr\u00e4chtigt.<\/p>\n<p>Eine automatisierte Entscheidungsfindung auf der Grundlage der erhobenen personenbezogenen Daten findet nicht statt.<\/p>\n<h2 class=\"gruen\">Recht auf Widerruf einer datenschutzrechtlichen Einwilligung<\/h2>\n<p>Sie haben das Recht, eine Einwilligung zur Verarbeitung personenbezogener Daten jederzeit zu widerrufen.<br \/>\nRecht auf Beschwerde bei einer Aufsichtsbeh\u00f6rde<\/p>\n<p>Sie haben das Recht auf Beschwerde bei einer Aufsichtsbeh\u00f6rde, insbesondere in dem Mitgliedstaat Ihres Aufenthaltsorts, Ihres Arbeitsplatzes oder des Orts des mutma\u00dflichen Versto\u00dfes, wenn Sie der Ansicht sind, dass die Verarbeitung der Sie betreffenden personenbezogenen Daten rechtswidrig ist.<br \/>\nDatensicherheit<\/p>\n<p>Wir sind um die Sicherheit Ihrer Daten im Rahmen der geltenden Datenschutzgesetze und technischen M\u00f6glichkeiten maximal bem\u00fcht.<\/p>\n<p>Ihre pers\u00f6nlichen Daten werden bei uns verschl\u00fcsselt \u00fcbertragen. Wir nutzen das Codierungssystem SSL (Secure Socket Layer), weisen jedoch darauf hin, dass die Daten\u00fcbertragung im Internet (z.B. bei der Kommunikation per E-Mail) Sicherheitsl\u00fccken aufweisen kann. Ein l\u00fcckenloser Schutz der Daten vor dem Zugriff durch Dritte ist nicht m\u00f6glich.<\/p>\n<p>Zur Sicherung Ihrer Daten unterhalten wir technische und organisatorische Sicherungsma\u00dfnahmen entsprechend Art. 32 DSGVO, die wir immer wieder dem Stand der Technik anpassen.<\/p>\n<p>Wir gew\u00e4hrleisten au\u00dferdem nicht, dass unser Angebot zu bestimmten Zeiten zur Verf\u00fcgung steht; St\u00f6rungen, Unterbrechungen oder Ausf\u00e4lle k\u00f6nnen nicht ausgeschlossen werden. Die von uns verwendeten Server werden regelm\u00e4\u00dfig sorgf\u00e4ltig gesichert.<\/p>\n<h2 class=\"gruen\">Weitergabe von Daten an Dritte, keine Daten\u00fcbertragung ins Nicht-EU-Ausland<\/h2>\n<p>Grunds\u00e4tzlich verwenden wir Ihre personenbezogenen Daten nur innerhalb unseres Unternehmens.<\/p>\n<p>Wenn und soweit wir Dritte im Rahmen der Erf\u00fcllung von Vertr\u00e4gen einschalten (etwa Logistik-Dienstleister), erhalten diese personenbezogene Daten nur in dem Umfang, in welchem die \u00dcbermittlung f\u00fcr die entsprechende Leistung erforderlich ist.<\/p>\n<p>F\u00fcr den Fall, dass wir bestimmte Teile der Datenverarbeitung auslagern (\u201eAuftragsverarbeitung\u201c), verpflichten wir Auftragsverarbeiter vertraglich dazu, personenbezogene Daten nur im Einklang mit den Anforderungen der Datenschutzgesetze zu verwenden und den Schutz der Rechte der betroffenen Person zu gew\u00e4hrleisten.<\/p>\n<p>Eine Daten\u00fcbertragung an Stellen oder Personen au\u00dferhalb der EU mit Ausnahme der oben genannten an Google (GoogleMaps und Youtube) findet nicht statt und ist nicht geplant.<\/p>\n","protected":false},"excerpt":{"rendered":"<p>Wir messen dem Datenschutz gro\u00dfe Bedeutung bei. Die Erhebung und Verarbeitung Ihrer personenbezogenen Daten geschieht unter Beachtung der geltenden datenschutzrechtlichen Vorschriften, insbesondere der Datenschutzgrundverordnung (DSGVO). Wir erheben und verarbeiten Ihre personenbezogenen Daten, um Ihnen das oben genannten Portal anbieten zu k\u00f6nnen. Diese Erkl\u00e4rung beschreibt, wie und zu welchem Zweck Ihre Daten erfasst und genutzt werden [&hellip;]<\/p>\n","protected":false},"author":1,"featured_media":0,"parent":0,"menu_order":0,"comment_status":"closed","ping_status":"closed","template":"","meta":{"footnotes":""},"class_list":["post-3","page","type-page","status-publish","hentry"],"_links":{"self":[{"href":"https:\/\/www.minkner-coaching.de\/index.php?rest_route=\/wp\/v2\/pages\/3","targetHints":{"allow":["GET"]}}],"collection":[{"href":"https:\/\/www.minkner-coaching.de\/index.php?rest_route=\/wp\/v2\/pages"}],"about":[{"href":"https:\/\/www.minkner-coaching.de\/index.php?rest_route=\/wp\/v2\/types\/page"}],"author":[{"embeddable":true,"href":"https:\/\/www.minkner-coaching.de\/index.php?rest_route=\/wp\/v2\/users\/1"}],"replies":[{"embeddable":true,"href":"https:\/\/www.minkner-coaching.de\/index.php?rest_route=%2Fwp%2Fv2%2Fcomments&post=3"}],"version-history":[{"count":5,"href":"https:\/\/www.minkner-coaching.de\/index.php?rest_route=\/wp\/v2\/pages\/3\/revisions"}],"predecessor-version":[{"id":93,"href":"https:\/\/www.minkner-coaching.de\/index.php?rest_route=\/wp\/v2\/pages\/3\/revisions\/93"}],"wp:attachment":[{"href":"https:\/\/www.minkner-coaching.de\/index.php?rest_route=%2Fwp%2Fv2%2Fmedia&parent=3"}],"curies":[{"name":"wp","href":"https:\/\/api.w.org\/{rel}","templated":true}]}}